{"id":3226,"date":"2023-12-15T11:18:01","date_gmt":"2023-12-15T10:18:01","guid":{"rendered":"https:\/\/halstar.pl\/polityka-prywatnosci\/"},"modified":"2025-04-17T11:11:46","modified_gmt":"2025-04-17T09:11:46","slug":"polityka-prywatnosci","status":"publish","type":"page","link":"https:\/\/halstar.pl\/de\/polityka-prywatnosci\/","title":{"rendered":"Datenschutzerkl\u00e4rung"},"content":{"rendered":"\n<div class=\"wp-block-group is-style-container-750\"><div class=\"wp-block-group__inner-container is-layout-constrained wp-block-group-is-layout-constrained\">\n<div style=\"height:100px\" aria-hidden=\"true\" class=\"wp-block-spacer is-style-sp-53\"><\/div>\n\n\n\n<h1 class=\"wp-block-heading is-style-heading-48\">Datenschutzerkl\u00e4rung<\/h1>\n\n\n\n<div style=\"height:20px\" aria-hidden=\"true\" class=\"wp-block-spacer is-style-sp-26\"><\/div>\n\n\n\n<p><strong>In dieser Datenschutzerkl\u00e4rung wird beschrieben, wie wir Informationen \u00fcber Sie, einschlie\u00dflich personenbezogener Daten und Cookies, oder &#8222;Cookies&#8220;, verarbeiten.<\/strong><\/p>\n\n\n\n<p><strong>1. Allgemeine Informationen<\/strong><\/p>\n\n\n\n<ol class=\"wp-block-list\">\n<li>Diese Richtlinie gilt f\u00fcr die Website, die unter der URL<strong>https:\/\/halstar.pl<\/strong> betrieben wird<strong><\/strong><\/li>\n\n\n\n<li>Der Betreiber des Dienstes und Verwalter der personenbezogenen Daten ist: HALSTAR \u015awiderscy Sp\u00f3\u0142ka komandytowa ul. Przemys\u0142owa 4\/455, 30-701 Krak\u00f3w<\/li>\n\n\n\n<li>E-Mail-Kontaktadresse des Betreibers: info@halstar.pl<\/li>\n\n\n\n<li>Der Betreiber ist der Verwalter Ihrer pers\u00f6nlichen Daten in Bezug auf die Daten, die Sie freiwillig auf der Website angeben.<\/li>\n\n\n\n<li>Der Dienst verwendet personenbezogene Daten f\u00fcr die folgenden Zwecke:\n<ol class=\"wp-block-list\">\n<li><\/li>\n<\/ol>\n<\/li>\n\n\n\n<li>Der Dienst f\u00fchrt Funktionen aus, um Informationen \u00fcber die Nutzer und ihr Verhalten auf folgende Weise zu erhalten:\n<ol class=\"wp-block-list\">\n<li><\/li>\n<\/ol>\n<\/li>\n<\/ol>\n\n\n\n<p><strong>2. Ausgew\u00e4hlte Datenschutzmethoden des Betreibers<\/strong><\/p>\n\n\n\n<ol class=\"wp-block-list\">\n<li>Die Login- und Personendaten-Eingabeseiten sind in der \u00dcbertragungsschicht gesch\u00fctzt (SSL-Zertifikat). Dadurch wird sichergestellt, dass die auf der Website eingegebenen pers\u00f6nlichen Daten und Anmeldedaten auf dem Computer des Benutzers verschl\u00fcsselt werden und nur auf dem Zielserver gelesen werden k\u00f6nnen.<\/li>\n\n\n\n<li>Die in der Datenbank gespeicherten personenbezogenen Daten werden so verschl\u00fcsselt, dass nur derjenige, der den Operator-Schl\u00fcssel besitzt, sie lesen kann. Auf diese Weise sind die Daten gesch\u00fctzt, falls die Datenbank vom Server gestohlen wird.<\/li>\n\n\n\n<li>Benutzerpassw\u00f6rter werden in Hash-Form gespeichert. Die Hash-Funktion arbeitet in einer Einbahnstra\u00dfe &#8211; es ist nicht m\u00f6glich, ihre Funktion umzukehren, was heute der moderne Standard f\u00fcr die Speicherung von Benutzerpassw\u00f6rtern ist.<\/li>\n\n\n\n<li>Der Dienst verwendet eine Zwei-Faktor-Authentifizierung, die eine zus\u00e4tzliche Form des Schutzes f\u00fcr die Anmeldung bei dem Dienst darstellt.<\/li>\n\n\n\n<li>Der Betreiber \u00e4ndert in regelm\u00e4\u00dfigen Abst\u00e4nden seine administrativen Passw\u00f6rter.<\/li>\n\n\n\n<li>Um die Daten zu sch\u00fctzen, erstellt der Betreiber regelm\u00e4\u00dfig Sicherungskopien.<\/li>\n\n\n\n<li>Ein wichtiges Element des Datenschutzes ist die regelm\u00e4\u00dfige Aktualisierung der gesamten Software, die der Betreiber zur Verarbeitung personenbezogener Daten einsetzt, d.h. insbesondere die regelm\u00e4\u00dfige Aktualisierung der Softwarekomponenten.<\/li>\n<\/ol>\n\n\n\n<p><strong>3. Hosting<\/strong><\/p>\n\n\n\n<ol class=\"wp-block-list\">\n<li>Die Website wird auf den Servern des Betreibers gehostet (technisch gewartet): home.pl<\/li>\n\n\n\n<li>Das Hosting-Unternehmen f\u00fchrt auf Serverebene Protokolle, um die technische Zuverl\u00e4ssigkeit zu gew\u00e4hrleisten. Die Protokolle k\u00f6nnen Folgendes enthalten:<\/li>\n<\/ol>\n\n\n\n<p>a. Ressourcen, die durch eine URL identifiziert werden (Adressen der angeforderten Ressourcen &#8211; Seiten, Dateien),<\/p>\n\n\n\n<p>b. Zeitpunkt des Eingangs des Antrags,<\/p>\n\n\n\n<p>c. Zeitpunkt der \u00dcbermittlung der Antwort,<\/p>\n\n\n\n<p>d. der Name der Client-Station &#8211; Identifizierung \u00fcber das HTTP-Protokoll,<\/p>\n\n\n\n<p>e. informationen \u00fcber Fehler, die bei der Ausf\u00fchrung von HTTP-Transaktionen aufgetreten sind,<\/p>\n\n\n\n<p>f. die URL einer zuvor vom Nutzer besuchten Seite (Referer-Link), falls die Website \u00fcber einen Link aufgerufen wurde,<\/p>\n\n\n\n<p>g. Informationen \u00fcber den Browser des Nutzers,<\/p>\n\n\n\n<p>h. informationen zur IP-Adresse,<\/p>\n\n\n\n<p>i. diagnostische Informationen im Zusammenhang mit dem Prozess der Selbstbestellung von Dienstleistungen \u00fcber die Registrierstellen auf der Website,<\/p>\n\n\n\n<p>j. informationen \u00fcber den Umgang mit an den Betreiber gerichteten und von ihm versandten E-Mails<\/p>\n\n\n\n<p><strong>4. Ihre Rechte und zus\u00e4tzliche Informationen \u00fcber die Verwendung Ihrer Daten<\/strong><\/p>\n\n\n\n<ol class=\"wp-block-list\">\n<li>In bestimmten Situationen hat der Verwalter das Recht, Ihre personenbezogenen Daten an andere Empf\u00e4nger zu \u00fcbermitteln, wenn dies f\u00fcr die Erf\u00fcllung eines mit Ihnen geschlossenen Vertrags oder f\u00fcr die Erf\u00fcllung der dem Verwalter obliegenden Verpflichtungen erforderlich ist. Dies gilt f\u00fcr solche Gruppen von Empf\u00e4ngern:\n<ol class=\"wp-block-list\">\n<li><\/li>\n<\/ol>\n<\/li>\n\n\n\n<li>Ihre personenbezogenen Daten werden vom Verwalter nur so lange verarbeitet, wie es f\u00fcr die Durchf\u00fchrung der damit verbundenen T\u00e4tigkeiten erforderlich ist, die in gesonderten Vorschriften festgelegt sind (z. B. zur Buchf\u00fchrung). Im Hinblick auf Marketingdaten werden die Daten nicht l\u00e4nger als 3 Jahre verarbeitet.<\/li>\n\n\n\n<li>Sie haben das Recht, sich an den Verwalter zu wenden:\n<ol class=\"wp-block-list\">\n<li><\/li>\n<\/ol>\n<\/li>\n\n\n\n<li>Sie haben das Recht, in Bezug auf die in Absatz 3.2 genannte Verarbeitung Widerspruch gegen die Verarbeitung personenbezogener Daten zur Wahrung der berechtigten Interessen des f\u00fcr die Verarbeitung Verantwortlichen, einschlie\u00dflich des Profilings, einzulegen, wobei das Widerspruchsrecht nicht ausge\u00fcbt werden kann, wenn berechtigte Gr\u00fcnde f\u00fcr die Verarbeitung vorliegen, die Ihre Interessen, Rechte und Freiheiten \u00fcberwiegen, insbesondere die Feststellung, Geltendmachung oder Verteidigung von Anspr\u00fcchen.<\/li>\n\n\n\n<li>Gegen die Handlungen des Administrators kann beim Pr\u00e4sidenten des Amtes f\u00fcr den Schutz personenbezogener Daten, ul. Stawki 2, 00-193 Warszawa, Beschwerde eingelegt werden.<\/li>\n\n\n\n<li>Die Angabe von personenbezogenen Daten ist freiwillig, aber f\u00fcr den Betrieb des Dienstes erforderlich.<\/li>\n\n\n\n<li>Eine automatisierte Entscheidungsfindung, einschlie\u00dflich Profiling, kann in Bezug auf Sie zum Zweck der Erbringung von Dienstleistungen im Rahmen des geschlossenen Vertrags und zum Zweck der Direktwerbung durch den Verwalter erfolgen.<\/li>\n\n\n\n<li>Personenbezogene Daten werden aus Drittl\u00e4ndern im Sinne der Datenschutzgesetzgebung \u00fcbermittelt. Dies bedeutet, dass wir sie au\u00dferhalb der Europ\u00e4ischen Union \u00fcbermitteln.<\/li>\n<\/ol>\n\n\n\n<p><strong>5. Informationen in den Formularen<\/strong><\/p>\n\n\n\n<ol class=\"wp-block-list\">\n<li>Der Dienst sammelt Informationen, die der Nutzer freiwillig zur Verf\u00fcgung stellt, einschlie\u00dflich personenbezogener Daten, sofern diese zur Verf\u00fcgung gestellt werden.<\/li>\n\n\n\n<li>Der Dienst kann Informationen \u00fcber die Verbindungsparameter (Zeitstempel, IP-Adresse) speichern.<\/li>\n\n\n\n<li>Die Website kann in einigen F\u00e4llen Informationen speichern, um die Daten im Formular mit der E-Mail-Adresse des Nutzers, der das Formular ausf\u00fcllt, zu verkn\u00fcpfen. In diesem Fall erscheint die E-Mail-Adresse des Nutzers in der URL der Seite, die das Formular enth\u00e4lt.<\/li>\n\n\n\n<li>Die im Formular angegebenen Daten werden zu dem Zweck verarbeitet, der sich aus der Funktion des jeweiligen Formulars ergibt, z. B. zur Bearbeitung einer Serviceanfrage oder eines Verkaufskontakts, zur Registrierung von Dienstleistungen usw. In jedem Fall geht aus dem Kontext und der Beschreibung des Formulars klar hervor, wozu es verwendet wird.<\/li>\n<\/ol>\n\n\n\n<p><strong>6. Administrator-Protokolle<\/strong><\/p>\n\n\n\n<ol class=\"wp-block-list\">\n<li>Informationen \u00fcber das Nutzerverhalten auf der Website k\u00f6nnen protokolliert werden. Diese Daten werden f\u00fcr die Verwaltung der Website verwendet.<\/li>\n<\/ol>\n\n\n\n<p><strong>7. Wesentliche Marketingtechniken<\/strong><\/p>\n\n\n\n<ol class=\"wp-block-list\">\n<li>Der Betreiber nutzt die statistische Auswertung des Website-Verkehrs \u00fcber Google Analytics (Google Inc., mit Sitz in den USA). Der Betreiber \u00fcbermittelt keine personenbezogenen Daten an den Betreiber dieses Dienstes, sondern nur anonymisierte Informationen. Der Dienst basiert auf der Verwendung von Cookies auf dem Endger\u00e4t des Nutzers. Was die vom Google-Werbenetzwerk gesammelten Informationen \u00fcber die Nutzerpr\u00e4ferenzen betrifft, so kann der Nutzer die aus den Cookies resultierenden Informationen mit Hilfe des folgenden Tools einsehen und bearbeiten: https:\/\/www.google.com\/ads\/preferences\/<\/li>\n\n\n\n<li>Der Betreiber verwendet Remarketing-Techniken, um Werbebotschaften auf das Verhalten des Nutzers auf der Website abzustimmen, was den Anschein erwecken kann, dass die pers\u00f6nlichen Daten des Nutzers verwendet werden, um den Nutzer zu verfolgen, aber in der Praxis werden keine pers\u00f6nlichen Daten vom Betreiber an die Werbebetreiber \u00fcbertragen. Eine technische Voraussetzung f\u00fcr solche Aktivit\u00e4ten ist, dass Cookies aktiviert sind.<\/li>\n\n\n\n<li>Der Betreiber verwendet das Facebook-Pixel. Diese Technologie stellt sicher, dass Facebook (Facebook Inc., USA) wei\u00df, dass eine dort registrierte Person die Website nutzt. Der Betreiber \u00fcbermittelt keine zus\u00e4tzlichen personenbezogenen Daten an Facebook. Der Dienst basiert auf der Verwendung von Cookies auf dem Endger\u00e4t des Nutzers.<\/li>\n\n\n\n<li>Der Betreiber verwendet eine L\u00f6sung, die das Nutzerverhalten durch Heatmapping und Aufzeichnung des Verhaltens auf der Website untersucht. Diese Informationen werden anonymisiert, bevor sie an den Betreiber des Dienstes gesendet werden, so dass dieser nicht wei\u00df, auf welche Person sie sich beziehen. Insbesondere werden eingegebene Passw\u00f6rter und andere pers\u00f6nliche Daten nicht aufgezeichnet.<\/li>\n\n\n\n<li>Der Betreiber verwendet eine L\u00f6sung, die den Betrieb der Website in Bezug auf die Nutzer automatisiert, z.B. kann er einem Nutzer nach dem Besuch einer bestimmten Unterseite eine E-Mail schicken, vorausgesetzt, der Nutzer hat zugestimmt, kommerzielle Korrespondenz vom Betreiber zu erhalten.<\/li>\n<\/ol>\n\n\n\n<p><strong>8. Informationen \u00fcber Cookies<\/strong><\/p>\n\n\n\n<ol class=\"wp-block-list\">\n<li>Die Website verwendet Cookies.<\/li>\n\n\n\n<li>Cookies (sog. &#8222;Kekse&#8220;) sind IT-Daten, insbesondere Textdateien, die auf dem Endger\u00e4t des Dienstnutzers gespeichert werden und f\u00fcr die Nutzung der Website bestimmt sind. Cookies enthalten in der Regel den Namen der Website, von der sie stammen, die Zeit, in der sie auf dem Endger\u00e4t gespeichert werden, und eine eindeutige Nummer.<\/li>\n\n\n\n<li>Die Stelle, die Cookies auf dem Endger\u00e4t des Nutzers platziert und auf sie zugreift, ist der Betreiber des Dienstes.<\/li>\n\n\n\n<li>Cookies werden f\u00fcr die folgenden Zwecke verwendet:\n<ol class=\"wp-block-list\">\n<li><\/li>\n<\/ol>\n<\/li>\n\n\n\n<li>Die Website verwendet zwei Haupttypen von Cookies: &#8222;Session&#8220; (Sitzungscookies) und &#8222;permanente&#8220; (dauerhafte Cookies). &#8222;Sitzungs-Cookies&#8220; sind tempor\u00e4re Dateien, die auf dem Endger\u00e4t des Nutzers gespeichert werden, bis dieser sich abmeldet, die Website verl\u00e4sst oder die Software (Webbrowser) ausschaltet. &#8222;Dauerhafte&#8220; Cookies werden auf dem Endger\u00e4t des Nutzers f\u00fcr die in den Cookie-Parametern angegebene Zeit oder bis zu ihrer L\u00f6schung durch den Nutzer gespeichert.<\/li>\n\n\n\n<li>Die Web-Browsing-Software (Webbrowser) erlaubt in der Regel standardm\u00e4\u00dfig die Speicherung von Cookies auf dem Endger\u00e4t des Nutzers. Die Nutzer der Website k\u00f6nnen ihre diesbez\u00fcglichen Einstellungen \u00e4ndern. Der Internet-Browser bietet die M\u00f6glichkeit, Cookies zu l\u00f6schen. Es ist auch m\u00f6glich, Cookies automatisch zu blockieren. Einzelheiten entnehmen Sie bitte der Hilfe oder Dokumentation Ihres Internet-Browsers.<\/li>\n\n\n\n<li>Einschr\u00e4nkungen bei der Verwendung von Cookies k\u00f6nnen einige der auf der Website verf\u00fcgbaren Funktionen beeintr\u00e4chtigen.<\/li>\n\n\n\n<li>Die im Endger\u00e4t des Nutzers des Dienstes platzierten Cookies k\u00f6nnen auch von Einrichtungen verwendet werden, die mit dem Betreiber des Dienstes zusammenarbeiten, insbesondere von Unternehmen: Google (Google Inc. mit Sitz in den USA), Facebook (Facebook Inc. mit Sitz in den USA), Twitter (Twitter Inc. mit Sitz in den USA).<\/li>\n<\/ol>\n\n\n\n<p><strong>9. Umgang mit Cookies &#8211; wie kann die Zustimmung in der Praxis erteilt und zur\u00fcckgezogen werden?<\/strong><\/p>\n\n\n\n<ol class=\"wp-block-list\">\n<li>Wenn Sie keine Cookies erhalten m\u00f6chten, k\u00f6nnen Sie Ihre Browsereinstellungen \u00e4ndern. Wir weisen darauf hin, dass die Deaktivierung von Cookies, die f\u00fcr Authentifizierungsprozesse, die Sicherheit und die Beibehaltung von Benutzerpr\u00e4ferenzen unerl\u00e4sslich sind, die Nutzung der Websites erschweren und in extremen F\u00e4llen unm\u00f6glich machen kann<\/li>\n\n\n\n<li>Um Ihre Cookie-Einstellungen zu verwalten, w\u00e4hlen Sie den von Ihnen verwendeten Webbrowser aus der nachstehenden Liste aus und folgen Sie den Anweisungen:<\/li>\n<\/ol>\n\n\n\n<ul class=\"wp-block-list\">\n<li><a href=\"https:\/\/support.microsoft.com\/pl-pl\/help\/10607\/microsoft-edge-view-delete-browser-history\">Edge<\/a><\/li>\n\n\n\n<li><a href=\"https:\/\/support.microsoft.com\/pl-pl\/help\/278835\/how-to-delete-cookie-files-in-internet-explorer\">Internet Explorer<\/a><\/li>\n\n\n\n<li><a href=\"http:\/\/support.google.com\/chrome\/bin\/answer.py?hl=pl&amp;answer=95647\">Chrome<\/a><\/li>\n\n\n\n<li><a href=\"http:\/\/support.apple.com\/kb\/PH5042\">Safari<\/a><\/li>\n\n\n\n<li><a href=\"http:\/\/support.mozilla.org\/pl\/kb\/W%C5%82%C4%85czanie%20i%20wy%C5%82%C4%85czanie%20obs%C5%82ugi%20ciasteczek\">Firefox<\/a><\/li>\n\n\n\n<li><a href=\"http:\/\/help.opera.com\/Windows\/12.10\/pl\/cookies.html\">Opera<\/a><\/li>\n<\/ul>\n\n\n\n<ol class=\"wp-block-list\" start=\"2\">\n<li><\/li>\n<\/ol>\n\n\n\n<ul class=\"wp-block-list\">\n<li><a href=\"http:\/\/support.google.com\/chrome\/bin\/answer.py?hl=pl&amp;answer=95647\">Android<\/a><\/li>\n\n\n\n<li><a href=\"http:\/\/support.apple.com\/kb\/HT1677?viewlocale=pl_PL\">Safari (iOS)<\/a><\/li>\n\n\n\n<li><a href=\"http:\/\/www.windowsphone.com\/pl-pl\/how-to\/wp7\/web\/changing-privacy-and-other-browser-settings\">Windows Phone<\/a><\/li>\n<\/ul>\n<\/div><\/div>\n\n<div style=\"height:248px\" aria-hidden=\"true\" class=\"wp-block-spacer\"><\/div>\n","protected":false},"excerpt":{"rendered":"<p>Datenschutzerkl\u00e4rung In dieser Datenschutzerkl\u00e4rung wird beschrieben, wie wir Informationen \u00fcber Sie, einschlie\u00dflich personenbezogener Daten und Cookies, oder &#8222;Cookies&#8220;, verarbeiten. 1. Allgemeine Informationen 2. Ausgew\u00e4hlte Datenschutzmethoden des Betreibers 3. Hosting a. [&hellip;]<\/p>\n","protected":false},"author":2,"featured_media":0,"parent":0,"menu_order":0,"comment_status":"closed","ping_status":"closed","template":"","meta":{"_eb_attr":"","footnotes":""},"class_list":["post-3226","page","type-page","status-publish","hentry"],"acf":[],"yoast_head":"<!-- This site is optimized with the Yoast SEO plugin v26.5 - https:\/\/yoast.com\/wordpress\/plugins\/seo\/ -->\n<title>Datenschutzerkl\u00e4rung - Halstar<\/title>\n<meta name=\"robots\" content=\"index, follow, max-snippet:-1, max-image-preview:large, max-video-preview:-1\" \/>\n<link rel=\"canonical\" href=\"https:\/\/halstar.pl\/de\/polityka-prywatnosci\/\" \/>\n<meta property=\"og:locale\" content=\"de_DE\" \/>\n<meta property=\"og:type\" content=\"article\" \/>\n<meta property=\"og:title\" content=\"Datenschutzerkl\u00e4rung - Halstar\" \/>\n<meta property=\"og:description\" content=\"Datenschutzerkl\u00e4rung In dieser Datenschutzerkl\u00e4rung wird beschrieben, wie wir Informationen \u00fcber Sie, einschlie\u00dflich personenbezogener Daten und Cookies, oder &#8222;Cookies&#8220;, verarbeiten. 1. Allgemeine Informationen 2. Ausgew\u00e4hlte Datenschutzmethoden des Betreibers 3. Hosting a. [&hellip;]\" \/>\n<meta property=\"og:url\" content=\"https:\/\/halstar.pl\/de\/polityka-prywatnosci\/\" \/>\n<meta property=\"og:site_name\" content=\"Halstar\" \/>\n<meta property=\"article:modified_time\" content=\"2025-04-17T09:11:46+00:00\" \/>\n<meta property=\"og:image\" content=\"https:\/\/halstar.pl\/wp-content\/uploads\/2024\/04\/facebook_preview-1.png\" \/>\n\t<meta property=\"og:image:width\" content=\"1200\" \/>\n\t<meta property=\"og:image:height\" content=\"675\" \/>\n\t<meta property=\"og:image:type\" content=\"image\/png\" \/>\n<meta name=\"twitter:card\" content=\"summary_large_image\" \/>\n<meta name=\"twitter:label1\" content=\"Gesch\u00e4tzte Lesezeit\" \/>\n\t<meta name=\"twitter:data1\" content=\"8\u00a0Minuten\" \/>\n<script type=\"application\/ld+json\" class=\"yoast-schema-graph\">{\"@context\":\"https:\/\/schema.org\",\"@graph\":[{\"@type\":\"WebPage\",\"@id\":\"https:\/\/halstar.pl\/de\/polityka-prywatnosci\/\",\"url\":\"https:\/\/halstar.pl\/de\/polityka-prywatnosci\/\",\"name\":\"Datenschutzerkl\u00e4rung - Halstar\",\"isPartOf\":{\"@id\":\"https:\/\/halstar.pl\/#website\"},\"datePublished\":\"2023-12-15T10:18:01+00:00\",\"dateModified\":\"2025-04-17T09:11:46+00:00\",\"breadcrumb\":{\"@id\":\"https:\/\/halstar.pl\/de\/polityka-prywatnosci\/#breadcrumb\"},\"inLanguage\":\"de\",\"potentialAction\":[{\"@type\":\"ReadAction\",\"target\":[\"https:\/\/halstar.pl\/de\/polityka-prywatnosci\/\"]}]},{\"@type\":\"BreadcrumbList\",\"@id\":\"https:\/\/halstar.pl\/de\/polityka-prywatnosci\/#breadcrumb\",\"itemListElement\":[{\"@type\":\"ListItem\",\"position\":1,\"name\":\"Home\",\"item\":\"https:\/\/halstar.pl\/de\/\"},{\"@type\":\"ListItem\",\"position\":2,\"name\":\"Datenschutzerkl\u00e4rung\"}]},{\"@type\":\"WebSite\",\"@id\":\"https:\/\/halstar.pl\/#website\",\"url\":\"https:\/\/halstar.pl\/\",\"name\":\"Halstar\",\"description\":\"Hallen f\u00fcr Ihr Unternehmen\",\"publisher\":{\"@id\":\"https:\/\/halstar.pl\/#organization\"},\"potentialAction\":[{\"@type\":\"SearchAction\",\"target\":{\"@type\":\"EntryPoint\",\"urlTemplate\":\"https:\/\/halstar.pl\/?s={search_term_string}\"},\"query-input\":{\"@type\":\"PropertyValueSpecification\",\"valueRequired\":true,\"valueName\":\"search_term_string\"}}],\"inLanguage\":\"de\"},{\"@type\":\"Organization\",\"@id\":\"https:\/\/halstar.pl\/#organization\",\"name\":\"Halstar\",\"url\":\"https:\/\/halstar.pl\/\",\"logo\":{\"@type\":\"ImageObject\",\"inLanguage\":\"de\",\"@id\":\"https:\/\/halstar.pl\/#\/schema\/logo\/image\/\",\"url\":\"https:\/\/halstar.pl\/wp-content\/uploads\/2023\/12\/logo-1.svg\",\"contentUrl\":\"https:\/\/halstar.pl\/wp-content\/uploads\/2023\/12\/logo-1.svg\",\"width\":\"208\",\"height\":\"80\",\"caption\":\"Halstar\"},\"image\":{\"@id\":\"https:\/\/halstar.pl\/#\/schema\/logo\/image\/\"}}]}<\/script>\n<!-- \/ Yoast SEO plugin. -->","yoast_head_json":{"title":"Datenschutzerkl\u00e4rung - Halstar","robots":{"index":"index","follow":"follow","max-snippet":"max-snippet:-1","max-image-preview":"max-image-preview:large","max-video-preview":"max-video-preview:-1"},"canonical":"https:\/\/halstar.pl\/de\/polityka-prywatnosci\/","og_locale":"de_DE","og_type":"article","og_title":"Datenschutzerkl\u00e4rung - Halstar","og_description":"Datenschutzerkl\u00e4rung In dieser Datenschutzerkl\u00e4rung wird beschrieben, wie wir Informationen \u00fcber Sie, einschlie\u00dflich personenbezogener Daten und Cookies, oder &#8222;Cookies&#8220;, verarbeiten. 1. Allgemeine Informationen 2. Ausgew\u00e4hlte Datenschutzmethoden des Betreibers 3. Hosting a. [&hellip;]","og_url":"https:\/\/halstar.pl\/de\/polityka-prywatnosci\/","og_site_name":"Halstar","article_modified_time":"2025-04-17T09:11:46+00:00","og_image":[{"width":1200,"height":675,"url":"https:\/\/halstar.pl\/wp-content\/uploads\/2024\/04\/facebook_preview-1.png","type":"image\/png"}],"twitter_card":"summary_large_image","twitter_misc":{"Gesch\u00e4tzte Lesezeit":"8\u00a0Minuten"},"schema":{"@context":"https:\/\/schema.org","@graph":[{"@type":"WebPage","@id":"https:\/\/halstar.pl\/de\/polityka-prywatnosci\/","url":"https:\/\/halstar.pl\/de\/polityka-prywatnosci\/","name":"Datenschutzerkl\u00e4rung - Halstar","isPartOf":{"@id":"https:\/\/halstar.pl\/#website"},"datePublished":"2023-12-15T10:18:01+00:00","dateModified":"2025-04-17T09:11:46+00:00","breadcrumb":{"@id":"https:\/\/halstar.pl\/de\/polityka-prywatnosci\/#breadcrumb"},"inLanguage":"de","potentialAction":[{"@type":"ReadAction","target":["https:\/\/halstar.pl\/de\/polityka-prywatnosci\/"]}]},{"@type":"BreadcrumbList","@id":"https:\/\/halstar.pl\/de\/polityka-prywatnosci\/#breadcrumb","itemListElement":[{"@type":"ListItem","position":1,"name":"Home","item":"https:\/\/halstar.pl\/de\/"},{"@type":"ListItem","position":2,"name":"Datenschutzerkl\u00e4rung"}]},{"@type":"WebSite","@id":"https:\/\/halstar.pl\/#website","url":"https:\/\/halstar.pl\/","name":"Halstar","description":"Hallen f\u00fcr Ihr Unternehmen","publisher":{"@id":"https:\/\/halstar.pl\/#organization"},"potentialAction":[{"@type":"SearchAction","target":{"@type":"EntryPoint","urlTemplate":"https:\/\/halstar.pl\/?s={search_term_string}"},"query-input":{"@type":"PropertyValueSpecification","valueRequired":true,"valueName":"search_term_string"}}],"inLanguage":"de"},{"@type":"Organization","@id":"https:\/\/halstar.pl\/#organization","name":"Halstar","url":"https:\/\/halstar.pl\/","logo":{"@type":"ImageObject","inLanguage":"de","@id":"https:\/\/halstar.pl\/#\/schema\/logo\/image\/","url":"https:\/\/halstar.pl\/wp-content\/uploads\/2023\/12\/logo-1.svg","contentUrl":"https:\/\/halstar.pl\/wp-content\/uploads\/2023\/12\/logo-1.svg","width":"208","height":"80","caption":"Halstar"},"image":{"@id":"https:\/\/halstar.pl\/#\/schema\/logo\/image\/"}}]}},"_links":{"self":[{"href":"https:\/\/halstar.pl\/de\/wp-json\/wp\/v2\/pages\/3226","targetHints":{"allow":["GET"]}}],"collection":[{"href":"https:\/\/halstar.pl\/de\/wp-json\/wp\/v2\/pages"}],"about":[{"href":"https:\/\/halstar.pl\/de\/wp-json\/wp\/v2\/types\/page"}],"author":[{"embeddable":true,"href":"https:\/\/halstar.pl\/de\/wp-json\/wp\/v2\/users\/2"}],"replies":[{"embeddable":true,"href":"https:\/\/halstar.pl\/de\/wp-json\/wp\/v2\/comments?post=3226"}],"version-history":[{"count":4,"href":"https:\/\/halstar.pl\/de\/wp-json\/wp\/v2\/pages\/3226\/revisions"}],"predecessor-version":[{"id":3361,"href":"https:\/\/halstar.pl\/de\/wp-json\/wp\/v2\/pages\/3226\/revisions\/3361"}],"wp:attachment":[{"href":"https:\/\/halstar.pl\/de\/wp-json\/wp\/v2\/media?parent=3226"}],"curies":[{"name":"wp","href":"https:\/\/api.w.org\/{rel}","templated":true}]}}